{"id":82,"date":"2020-02-09T21:15:36","date_gmt":"2020-02-09T21:15:36","guid":{"rendered":"https:\/\/nada-verlag.ch\/?page_id=82"},"modified":"2020-03-31T06:51:42","modified_gmt":"2020-03-31T06:51:42","slug":"disclaimer","status":"publish","type":"page","link":"https:\/\/nada-verlag.ch\/?page_id=82","title":{"rendered":"Disclaimer"},"content":{"rendered":"\n<h3 class=\"wp-block-heading\">Nutzungsbedingungen und Disclaimer<\/h3>\n\n\n\n<p class=\"has-small-font-size\"><strong>Mit Ihrem Zugriff auf diese Website und deren Seiten sowie auf die darin enthaltenen oder beschriebenen Produkte, Dienstleistungen, Informationen, Tools und Unterlagen (\u00abWebsite\u00bb) erkl\u00e4ren Sie, dass Sie die folgenden Nutzungsbedingungen verstanden haben und anerkennen.&nbsp;<\/strong><\/p>\n\n\n\n<p class=\"has-small-font-size\"><em>Eigentum der Website, Markenrechte und Urheberrechte<\/em><br>Sonnwandeln und andere Markennamen auf dieser Website sind Handelsmarken des nada Verlags Karin Jundt. Soweit nicht etwas anderes angegeben ist, sind s\u00e4mtliche Inhalte auf dieser Website urheberrechtlich durch Karin Jundt gesch\u00fctzt. Der nada Verlag Karin Jundt beh\u00e4lt sich s\u00e4mtliche Rechte (insbesondere Urheber- und Markenrechte) an allen Inhalten auf dieser Website vor und wird alle gesetzlichen M\u00f6glichkeiten zur Durchsetzung dieser Rechte wahrnehmen. Kein Bestandteil auf der Website darf so ausgelegt werden, dass dadurch eine Genehmigung oder ein Recht zur Nutzung von Bildern, Marken oder Logos einger\u00e4umt wird.<br>Das Herunterladen oder Ausdrucken von Inhalten ist ausschlie\u00dflich zur privaten Nutzung erlaubt. Damit werden Ihnen aber keinerlei Rechte auf die Software oder die Inhalte der Website \u00fcbertragen. Es d\u00fcrfen weder Copyright-Vermerke noch andere gesetzlich gesch\u00fctzte Bezeichnungen entfernt werden. Dar\u00fcber hinaus muss f\u00fcr die Reproduktion, Weiterver\u00f6ffentlichung oder den Vertrieb dieser Inhalte die ausdr\u00fcckliche schriftliche Zustimmung des nada Verlags Karin Jundt eingeholt werden und die ausdr\u00fcckliche Nennung der Quelle ist erforderlich.<br>Allf\u00e4llige Schutzrechte Dritter, die mit dem hier einger\u00e4umten Umfang der Nutzung kollidieren, bleiben vorbehalten. Der nada Verlag Karin Jundt kann nicht garantieren, dass die Ben\u00fctzung des von dritter Seite auf dieser Website zur Verf\u00fcgung gestellten Inhalts rechtlich zul\u00e4ssig ist. Vor dessen Verwendung ist daher die Zustimmung der Drittpartei einzuholen.<\/p>\n\n\n\n<p class=\"has-small-font-size\"><em>Angebote<\/em><br>Alle Angebote sind freibleibend und unverbindlich. Der nada Verlag Karin Jundt beh\u00e4lt es sich ausdr\u00fccklich vor, das gesamte Angebot oder Teile desselben ohne gesonderte Ank\u00fcndigung zu ver\u00e4ndern, zu erg\u00e4nzen, zu annullieren oder die Ver\u00f6ffentlichung zeitweise oder endg\u00fcltig einzustellen.<\/p>\n\n\n\n<p class=\"has-small-font-size\"><em><strong>Disclaimer (Gew\u00e4hrleistungs- und Haftungsausschluss)<\/strong><\/em><br>Die auf dieser Website zum Ausdruck gebrachten Meinungen und Einsch\u00e4tzungen geben unsere Ansichten zum Zeitpunkt der Publikation wieder und stellen keine Empfehlung allgemeiner oder spezifischer Natur dar. Die auf dieser Website enthaltenen Informationen und Meinungen stammen aus von uns als zuverl\u00e4ssig erachteten Quellen; dennoch garantiert der nada Verlag Karin Jundt weder deren Richtigkeit noch deren Vollst\u00e4ndigkeit. Der nada Verlag Karin Jundt beh\u00e4lt sich vor, die Informationen auf dieser Website ohne Vorank\u00fcndigung zu l\u00f6schen oder abzu\u00e4ndern.<br>Die Informationen auf dieser Website werden \u201ewie besehen\u201c und \u201ewie verf\u00fcgbar\u201c bereitgestellt. Der nada Verlag Karin Jundt schlie\u00dft jede Gew\u00e4hrleistung aus, dass der Zugriff auf diese Website ohne Unterbrechungen oder fehlerfrei verl\u00e4uft, M\u00e4ngel behoben und bei der Nutzung der Website keine Viren oder andere sch\u00e4dliche Komponenten \u00fcbertragen werden. Der nada Verlag Karin Jundt lehnt hiermit im weitesten von den geltenden Gesetzen und\/oder Verordnungen zul\u00e4ssigen Umfang jede ausdr\u00fcckliche, gesetzliche oder konkludente Garantie in Bezug auf diese Website und auf alle Ergebnisse, die aus der Nutzung der Website und ihrer Inhalte erwachsen, ab.<br>Des weiteren \u00fcbernimmt der nada Verlag Karin Jundt keine Gew\u00e4hrleistung oder Haftung f\u00fcr die Richtigkeit, P\u00fcnktlichkeit, Geeignetheit, Vollst\u00e4ndigkeit oder Verf\u00fcgbarkeit dieser Website oder der Informationen oder Ergebnisse, die sich aus der Nutzung der Website ergeben. Unter keinen Umst\u00e4nden und unter keinen geltenden Gesetzen und\/oder Verordnungen haftet der nada Verlag Karin Jundt f\u00fcr Sch\u00e4den aus au\u00dfervertraglicher, vertraglicher, verschuldensunabh\u00e4ngiger oder anderer Art der Haftung, die auf den Zugriff oder Gebrauch oder den verhinderten Zugriff oder Gebrauch dieser Website oder aus Handlungen oder Unterlassungen, die daraus erwachsen, zur\u00fcckzuf\u00fchren sind, gleichg\u00fcltig, ob es sich um direkte, indirekte oder zuf\u00e4llige Sch\u00e4den, um Folgesch\u00e4den oder mittelbare Sch\u00e4den gleich welcher Art handelt, einschlie\u00dflich Sch\u00e4den infolge Anspr\u00fcche von Drittparteien, selbst wenn der nada Verlag Karin Jundt von der M\u00f6glichkeit solcher Sch\u00e4den, Forderungen und Anspr\u00fcche wusste oder Gr\u00fcnde hat, von dieser M\u00f6glichkeit zu wissen. Dies gilt unabh\u00e4ngig davon, ob die Informationen durch den nada Verlag Karin Jundt selbst oder durch eine dritte Partei zur Verf\u00fcgung gestellt werden.<br>Der nada Verlag Karin Jundt macht ausdr\u00fccklich darauf aufmerksam, dass der Inhalt dieser Website nicht als Grundlage oder Aufforderung zu irgendwelchen Entscheidungen oder Handlungen aufgefasst werden darf. Insbesondere ersetzen auf dieser Website abrufbare medizinische und\/oder psychologische Informationen die Einholung eines fundierten medizinischen und\/oder psychologischen Ratschlages nicht. Vor der Einleitung irgendeiner Handlung, welche ein Problem oder Sachgebiet betrifft, zu welchem von oder durch diese Website Informationen bereitgestellt werden, ist in jedem Fall der Beizug einer entsprechend qualifizierten medizinischen und\/oder psychologischen Fachperson erforderlich.&nbsp;<br>Der nada Verlag Karin Jundt ist zudem nicht in der Lage, unaufgeforderte E-Mails zu pers\u00f6nlichen Fragen zu beantworten.<\/p>\n\n\n\n<p class=\"has-small-font-size\"><em>Datenschutz \/ E-Mail<\/em><br>Der nada Verlag Karin Jundt macht Sie darauf aufmerksam, dass die Verwendung von E-Mails (auch \u00fcber das Kontaktformular) bez\u00fcglich Datenintegrit\u00e4t und Vertraulichkeit mit einer gewissen Unsicherheit behaftet ist. Der nada Verlag Karin Jundt lehnt jegliche Haftung f\u00fcr die Verletzung des Datenschutzes ab, soweit diese auf die Verwendung von E-Mails zur\u00fcckzuf\u00fchren ist.<br>Obwohl wir unsere E-Mails wie herk\u00f6mmliche Post t\u00e4glich bearbeiten, k\u00f6nnen wir keine Garantie f\u00fcr deren zeitgerechte Bearbeitung \u00fcbernehmen.<\/p>\n\n\n\n<p class=\"has-small-font-size\"><em>Links zu anderen Websites \/ Fremde Inhalte<\/em><br>Wenn Sie bestimmte Links auf dieser Website anklicken, verlassen Sie diese Website. Solche Links, Adressen oder Hyperlinks werden nur aus Gr\u00fcnden der Benutzerfreundlichkeit und Information zur Verf\u00fcgung gestellt. Der nada Verlag Karin Jundt hat keine dieser Websites, die mit der nada-Website verbunden sind oder Links auf die nada-Website enthalten, \u00fcberpr\u00fcft und lehnt jede Haftung f\u00fcr deren Inhalte, Produkte und Dienstleistungen oder sonstige Angebote ab. Die Nutzung von Links, die von der nada-Website auf Websites Dritter f\u00fchren, erfolgt auf eigene Gefahr.<br>Diese Feststellung gilt f\u00fcr alle innerhalb des eigenen Internetangebotes gesetzten Links und Verweise sowie f\u00fcr Fremdeintr\u00e4ge in den vom nada Verlag Karin Jundt eingerichteten G\u00e4steb\u00fcchern, Diskussionsforen und Mailinglisten.<\/p>\n\n\n\n<p class=\"has-small-font-size\"><em>Gerichtsstand<\/em><br>Es findet Schweizer Recht Anwendung. Gerichtsstand ist der Sitz des nada Verlags Karin Jundt.<br><\/p>\n\n\n\n<p class=\"has-small-font-size\">Sofern Teile oder einzelne Formulierungen dieses Textes der geltenden Rechtslage nicht, nicht mehr oder nicht vollst\u00e4ndig entsprechen sollten, bleiben die \u00fcbrigen Teile des Dokumentes in ihrem Inhalt und ihrer G\u00fcltigkeit davon unber\u00fchrt.<\/p>\n","protected":false},"excerpt":{"rendered":"<p>Nutzungsbedingungen und Disclaimer Mit Ihrem Zugriff auf diese Website und deren Seiten sowie auf die darin enthaltenen oder beschriebenen Produkte, Dienstleistungen, Informationen, Tools und Unterlagen (\u00abWebsite\u00bb) erkl\u00e4ren Sie, dass Sie die folgenden Nutzungsbedingungen verstanden haben und anerkennen.&nbsp; Eigentum der Website, Markenrechte und UrheberrechteSonnwandeln und andere Markennamen auf dieser Website sind Handelsmarken des nada Verlags Karin<a class=\"excerpt-read-more\" href=\"https:\/\/nada-verlag.ch\/?page_id=82\" title=\"ReadDisclaimer\">&#8230; Read more &raquo;<\/a><\/p>\n","protected":false},"author":1,"featured_media":0,"parent":0,"menu_order":0,"comment_status":"closed","ping_status":"closed","template":"","meta":{"footnotes":""},"class_list":["post-82","page","type-page","status-publish","hentry"],"_links":{"self":[{"href":"https:\/\/nada-verlag.ch\/index.php?rest_route=\/wp\/v2\/pages\/82","targetHints":{"allow":["GET"]}}],"collection":[{"href":"https:\/\/nada-verlag.ch\/index.php?rest_route=\/wp\/v2\/pages"}],"about":[{"href":"https:\/\/nada-verlag.ch\/index.php?rest_route=\/wp\/v2\/types\/page"}],"author":[{"embeddable":true,"href":"https:\/\/nada-verlag.ch\/index.php?rest_route=\/wp\/v2\/users\/1"}],"replies":[{"embeddable":true,"href":"https:\/\/nada-verlag.ch\/index.php?rest_route=%2Fwp%2Fv2%2Fcomments&post=82"}],"version-history":[{"count":5,"href":"https:\/\/nada-verlag.ch\/index.php?rest_route=\/wp\/v2\/pages\/82\/revisions"}],"predecessor-version":[{"id":290,"href":"https:\/\/nada-verlag.ch\/index.php?rest_route=\/wp\/v2\/pages\/82\/revisions\/290"}],"wp:attachment":[{"href":"https:\/\/nada-verlag.ch\/index.php?rest_route=%2Fwp%2Fv2%2Fmedia&parent=82"}],"curies":[{"name":"wp","href":"https:\/\/api.w.org\/{rel}","templated":true}]}}