{"id":72,"date":"2020-02-09T20:53:00","date_gmt":"2020-02-09T20:53:00","guid":{"rendered":"https:\/\/nada-verlag.ch\/?page_id=72"},"modified":"2024-02-29T14:39:37","modified_gmt":"2024-02-29T14:39:37","slug":"belletristik","status":"publish","type":"page","link":"https:\/\/nada-verlag.ch\/?page_id=72","title":{"rendered":"Belletristik"},"content":{"rendered":"\n<hr class=\"wp-block-separator has-css-opacity\"\/>\n\n\n\n<div class=\"wp-block-columns are-vertically-aligned-top is-layout-flex wp-container-core-columns-is-layout-1 wp-block-columns-is-layout-flex\">\n<div class=\"wp-block-column is-vertically-aligned-top is-layout-flow wp-block-column-is-layout-flow\" style=\"flex-basis:33.33%\">\n<figure class=\"wp-block-image size-large\"><img loading=\"lazy\" decoding=\"async\" width=\"722\" height=\"1024\" src=\"https:\/\/nada-verlag.ch\/wp-content\/uploads\/2023\/06\/cover_baderledas_neu-722x1024.png\" alt=\"\" class=\"wp-image-396\" srcset=\"https:\/\/nada-verlag.ch\/wp-content\/uploads\/2023\/06\/cover_baderledas_neu-722x1024.png 722w, https:\/\/nada-verlag.ch\/wp-content\/uploads\/2023\/06\/cover_baderledas_neu-212x300.png 212w, https:\/\/nada-verlag.ch\/wp-content\/uploads\/2023\/06\/cover_baderledas_neu-768x1089.png 768w, https:\/\/nada-verlag.ch\/wp-content\/uploads\/2023\/06\/cover_baderledas_neu-1083x1536.png 1083w, https:\/\/nada-verlag.ch\/wp-content\/uploads\/2023\/06\/cover_baderledas_neu-1444x2048.png 1444w, https:\/\/nada-verlag.ch\/wp-content\/uploads\/2023\/06\/cover_baderledas_neu.png 1833w\" sizes=\"auto, (max-width: 722px) 100vw, 722px\" \/><\/figure>\n\n\n\n<p class=\"small-12 medium-4 has-small-font-size\">Gianna Duschletta, Karin Jundt<br><strong>Baderledas und Einsichten<\/strong><\/p>\n\n\n\n<p class=\"small-12 medium-4 has-small-font-size\">ISBN 978-3-907091-17-3<br>Softcover<br>152 Seiten<br><\/p>\n<\/div>\n\n\n\n<div class=\"wp-block-column is-vertically-aligned-top is-layout-flow wp-block-column-is-layout-flow\" style=\"flex-basis:66.66%\">\n<h2 class=\"wp-block-heading\">Baderledas und Einsichten<\/h2>\n\n\n\n<p><em>Zweisprachige Ausgabe Deutsch und R\u00e4toromanisch (Puter)<\/em><br><em>Ediziun bilingua rumauntsch (puter) e tudas-ch<\/em><\/p>\n\n\n\n<p>In dieser Sammlung von Anekdoten und Kurzgeschichten plaudern die Autorinnen \u00fcber ihre Erinnerungen. Erfahrungen, Beobachtungen und Gedanken. Jeder Text ist zweisprachig Deutsch und R\u00e4toromanisch (Puter).<\/p>\n\n\n\n<p>In quista collecziun dad anecdotas ed istorgias cuortas baderlan las auturas da lur algordanzas, experienzas, observaziuns ed impissamaints. Mincha text es biling rumauntsch (puter) e tudas-ch.<\/p>\n\n\n\n<p><a href=\"http:\/\/nada-verlag.ch\/leseproben\/Leseprobe_Baderledas.pdf\" target=\"_blank\" rel=\"noreferrer noopener\">Leseprobe herunterladen<br>S-charger extrat dal cudesc<\/a><a href=\"http:\/\/nada-verlag.ch\/leseproben\/Leseprobe_Baderledas.pdf\">h<\/a><\/p>\n<\/div>\n<\/div>\n\n\n\n<hr class=\"wp-block-separator has-css-opacity\"\/>\n\n\n\n<div class=\"wp-block-columns are-vertically-aligned-top is-layout-flex wp-container-core-columns-is-layout-2 wp-block-columns-is-layout-flex\">\n<div class=\"wp-block-column is-vertically-aligned-top is-layout-flow wp-block-column-is-layout-flow\" style=\"flex-basis:33.33%\">\n<figure class=\"wp-block-image size-large is-resized\"><img decoding=\"async\" src=\"https:\/\/nada-verlag.ch\/wp-content\/uploads\/2020\/03\/koenigsgaukler_cover-671x1024.jpg\" alt=\"\" class=\"wp-image-154\" width=\"263\" srcset=\"https:\/\/nada-verlag.ch\/wp-content\/uploads\/2020\/03\/koenigsgaukler_cover-671x1024.jpg 671w, https:\/\/nada-verlag.ch\/wp-content\/uploads\/2020\/03\/koenigsgaukler_cover-196x300.jpg 196w, https:\/\/nada-verlag.ch\/wp-content\/uploads\/2020\/03\/koenigsgaukler_cover-768x1173.jpg 768w, https:\/\/nada-verlag.ch\/wp-content\/uploads\/2020\/03\/koenigsgaukler_cover-1006x1536.jpg 1006w, https:\/\/nada-verlag.ch\/wp-content\/uploads\/2020\/03\/koenigsgaukler_cover-1341x2048.jpg 1341w, https:\/\/nada-verlag.ch\/wp-content\/uploads\/2020\/03\/koenigsgaukler_cover-scaled.jpg 1677w\" sizes=\"(max-width: 671px) 100vw, 671px\" \/><\/figure>\n\n\n\n<p class=\"small-12 medium-4 has-small-font-size\">Manfred Kyber<br><strong>Der K\u00f6nigsgaukler<\/strong><\/p>\n\n\n\n<p class=\"small-12 medium-4 has-small-font-size\">ISBN 978-3-907091-08-1<br>Hardcover<br>72 Seiten<br><\/p>\n<\/div>\n\n\n\n<div class=\"wp-block-column is-vertically-aligned-top is-layout-flow wp-block-column-is-layout-flow\" style=\"flex-basis:66.66%\">\n<h2 class=\"wp-block-heading\">Der K\u00f6nigsgaukler<\/h2>\n\n\n\n<p>Ein zeitloses spirituelles M\u00e4rchen \u00fcber den Lebensweg eines jeden Menschen zu seinem h\u00f6heren Selbst, ein M\u00e4rchen, das Mut macht, Hoffnung schenkt und Trost spendet.<\/p>\n\n\n\n<p>Diese neue Ausgabe entspricht dem Text der Erstausgabe aus dem Jahr 1921, folgt jedoch der neuen deutschen Rechtschreibung und Zeichensetzung. Das B\u00fcchlein ist liebevoll und edel gestaltet, um diesem Juwel der spirituellen Literatur gerecht zu werden, und eignet sich deshalb auch hervorragend als Geschenk.<\/p>\n\n\n\n<p><a href=\"https:\/\/nada-verlag.ch\/leseproben\/Leseprobe_Koenigsgaukler.pdf\" target=\"_blank\" rel=\"noreferrer noopener\" aria-label=\" (\u00f6ffnet in neuem Tab)\">Leseprobe herunterladen<\/a><\/p>\n<\/div>\n<\/div>\n\n\n\n<hr class=\"wp-block-separator has-css-opacity\"\/>\n\n\n\n<div class=\"wp-block-columns are-vertically-aligned-top is-layout-flex wp-container-core-columns-is-layout-3 wp-block-columns-is-layout-flex\">\n<div class=\"wp-block-column is-vertically-aligned-top is-layout-flow wp-block-column-is-layout-flow\" style=\"flex-basis:33.33%\">\n<figure class=\"wp-block-image size-large is-resized\"><img decoding=\"async\" src=\"https:\/\/nada-verlag.ch\/wp-content\/uploads\/2020\/03\/jonathan_cover-626x1024.jpg\" alt=\"\" class=\"wp-image-158\" width=\"263\" srcset=\"https:\/\/nada-verlag.ch\/wp-content\/uploads\/2020\/03\/jonathan_cover-626x1024.jpg 626w, https:\/\/nada-verlag.ch\/wp-content\/uploads\/2020\/03\/jonathan_cover-183x300.jpg 183w, https:\/\/nada-verlag.ch\/wp-content\/uploads\/2020\/03\/jonathan_cover-768x1257.jpg 768w, https:\/\/nada-verlag.ch\/wp-content\/uploads\/2020\/03\/jonathan_cover-939x1536.jpg 939w, https:\/\/nada-verlag.ch\/wp-content\/uploads\/2020\/03\/jonathan_cover-1252x2048.jpg 1252w, https:\/\/nada-verlag.ch\/wp-content\/uploads\/2020\/03\/jonathan_cover-scaled.jpg 1564w\" sizes=\"(max-width: 626px) 100vw, 626px\" \/><\/figure>\n\n\n\n<p class=\"small-12 medium-4 has-small-font-size\">Karin Jundt<br><strong>Jonathan von der Insel<\/strong><br><em>Spiritueller Roman<\/em><\/p>\n\n\n\n<p class=\"small-12 medium-4 has-small-font-size\">ISBN 978-3-907091-09-8<br>Softcover<br>160 Seiten<\/p>\n\n\n\n<p class=\"has-small-font-size\">Auch als E-Book:<br>ISBN 978-3-907091-11-1<\/p>\n<\/div>\n\n\n\n<div class=\"wp-block-column is-vertically-aligned-top is-layout-flow wp-block-column-is-layout-flow\" style=\"flex-basis:66.66%\">\n<h2 class=\"wp-block-heading\">Jonathan von der Insel<\/h2>\n\n\n\n<p>Der Fischer Jonathan macht einen au\u00dfergew\u00f6hnlichen Fang: einen bunten, sprechenden Fisch, der W\u00fcnsche erf\u00fcllt \u2013 allerdings anders, als man es erwartet. Beim jungen Mann l\u00f6st er den Prozess der bewussten inneren Entwicklung aus. Auch Jonathans Freundin Serena begegnet dem Fisch, und er weist ihr den Weg aus einer schwierigen, leidvollen Zeit. Beim Dorftrottel Beppi scheint der Fisch gar Wunder zu wirken.<br> Die Geschichte spielt auf einer kleinen Insel im s\u00fcdlichen Mittelmeer; es ist die Kulisse des gew\u00f6hnlichen Alltags, wo Menschen Leidenschaft und selbstlose Liebe erfahren und die Last schweren Schicksals zu tragen haben.<br> Es ist eine tiefsinnige, m\u00e4rchenhafte und zugleich spannende Erz\u00e4hlung von der Liebe und dem Weg zweier Menschen durch das Lichte und das Dunkle des Lebens. Was ihnen zuerst oft sinnlos scheint, f\u00fcgt sich in den Kreis des Geschehens harmonisch ein, hat seinen Stellenwert im Ganzen und wird dann sinnerf\u00fcllt, sobald es ihnen gelingt, das Leben als Weg zum H\u00f6heren anzunehmen und auf die G\u00fcte und Vollkommenheit des kosmischen Plans zu vertrauen.<br> \u201eJonathan von der Insel\u201c malt ohne Mahnfinger und theoretische Belehrung in poetischer, liebevoller Weise ein ruhiges Bild, wie Menschen, die mit beiden F\u00fc\u00dfen fest in dieser Welt stehen, zugleich mit Kraft, Zuversicht und Lebensfreude dem Ruf ihrer Seele folgen.<\/p>\n\n\n\n<p><a href=\"https:\/\/nada-verlag.ch\/leseproben\/Leseprobe_Jonathan.pdf\" target=\"_blank\" rel=\"noreferrer noopener\" aria-label=\" (\u00f6ffnet in neuem Tab)\">Leseprobe herunterladen<\/a><\/p>\n<\/div>\n<\/div>\n\n\n\n<hr class=\"wp-block-separator has-css-opacity\"\/>\n\n\n\n<div class=\"wp-block-columns are-vertically-aligned-top is-layout-flex wp-container-core-columns-is-layout-4 wp-block-columns-is-layout-flex\">\n<div class=\"wp-block-column is-vertically-aligned-top is-layout-flow wp-block-column-is-layout-flow\" style=\"flex-basis:33.33%\">\n<figure class=\"wp-block-image size-large is-resized\"><img decoding=\"async\" src=\"https:\/\/nada-verlag.ch\/wp-content\/uploads\/2020\/03\/wanderer_cover-634x1024.jpg\" alt=\"\" class=\"wp-image-159\" width=\"263\" srcset=\"https:\/\/nada-verlag.ch\/wp-content\/uploads\/2020\/03\/wanderer_cover-634x1024.jpg 634w, https:\/\/nada-verlag.ch\/wp-content\/uploads\/2020\/03\/wanderer_cover-186x300.jpg 186w, https:\/\/nada-verlag.ch\/wp-content\/uploads\/2020\/03\/wanderer_cover-768x1240.jpg 768w, https:\/\/nada-verlag.ch\/wp-content\/uploads\/2020\/03\/wanderer_cover.jpg 945w\" sizes=\"(max-width: 634px) 100vw, 634px\" \/><\/figure>\n\n\n\n<p class=\"small-12 medium-4 has-small-font-size\">Karin Jundt<br><strong>Der Wanderer im dunklen Gewand<\/strong><br><em>Spiritueller Roman<\/em><\/p>\n\n\n\n<p class=\"small-12 medium-4 has-small-font-size\">ISBN 978-3-907091-10-4<br>Softcover<br>164 Seiten<\/p>\n\n\n\n<p class=\"has-small-font-size\">Auch als E-Book:<br>ISBN 978-3-907091-12-8<\/p>\n<\/div>\n\n\n\n<div class=\"wp-block-column is-vertically-aligned-top is-layout-flow wp-block-column-is-layout-flow\" style=\"flex-basis:66.66%\">\n<h2 class=\"wp-block-heading\">Der Wanderer im dunklen Gewand<\/h2>\n\n\n\n<p>Er erwacht eines Nachts unter dem Sternenhimmel, wei\u00df nicht, wer er ist, woher er kommt, wohin er gehen soll \u2013 und macht sich auf den Weg. Sp\u00e4ter erh\u00e4lt er einen Namen und damit eine scheinbare Identit\u00e4t. Die Frage nach seinem Ursprung, seiner Heimat, dem wahren Sein, dem Sinn verstummt indes nie. <br>In dieses Leben hineingestellt, sucht der Wanderer seinen Weg \u00fcber lichte H\u00fcgel und durch dunkle T\u00e4ler, l\u00e4sst sich leiten vom Fluss, lernt durch seine Erfahrungen und Erkenntnisse \u2013 und wundert sich \u00fcber die immer zahlreicher werdenden goldenen Flecken an seinen dunklen Kleidern.<br>Jedes Mal, wenn er meint, er k\u00f6nne nicht mehr, wenn er ersch\u00f6pft und verzweifelt ist, findet er Menschen, die ihm die Hand reichen, bis er einem Weisen \u2013 Jonathan aus dem Roman &#8222;Jonathan von der Insel&#8220; \u2013 begegnet, der ihm zur Erkenntnis seines wahren Wesens verhilft. In Francesca findet er dann auch die gro\u00dfe Liebe, die ihn fortan auf seiner Reise begleitet.<br>Doch sein Ziel kann er am Ende nur allein erreichen&#8230;<\/p>\n\n\n\n<p><\/p>\n\n\n\n<p><a href=\"https:\/\/nada-verlag.ch\/leseproben\/Leseprobe_Wanderer.pdf\" target=\"_blank\" rel=\"noreferrer noopener\" aria-label=\" (\u00f6ffnet in neuem Tab)\">Leseprobe herunterladen<\/a><\/p>\n<\/div>\n<\/div>\n\n\n\n<hr class=\"wp-block-separator has-css-opacity\"\/>\n","protected":false},"excerpt":{"rendered":"<p>Gianna Duschletta, Karin JundtBaderledas und Einsichten ISBN 978-3-907091-17-3Softcover152 Seiten Baderledas und Einsichten Zweisprachige Ausgabe Deutsch und R\u00e4toromanisch (Puter)Ediziun bilingua rumauntsch (puter) e tudas-ch In dieser Sammlung von Anekdoten und Kurzgeschichten plaudern die Autorinnen \u00fcber ihre Erinnerungen. Erfahrungen, Beobachtungen und Gedanken. Jeder Text ist zweisprachig Deutsch und R\u00e4toromanisch (Puter). In quista collecziun dad anecdotas ed istorgias<a class=\"excerpt-read-more\" href=\"https:\/\/nada-verlag.ch\/?page_id=72\" title=\"ReadBelletristik\">&#8230; Read more &raquo;<\/a><\/p>\n","protected":false},"author":1,"featured_media":0,"parent":48,"menu_order":0,"comment_status":"closed","ping_status":"closed","template":"","meta":{"footnotes":""},"class_list":["post-72","page","type-page","status-publish","hentry"],"_links":{"self":[{"href":"https:\/\/nada-verlag.ch\/index.php?rest_route=\/wp\/v2\/pages\/72","targetHints":{"allow":["GET"]}}],"collection":[{"href":"https:\/\/nada-verlag.ch\/index.php?rest_route=\/wp\/v2\/pages"}],"about":[{"href":"https:\/\/nada-verlag.ch\/index.php?rest_route=\/wp\/v2\/types\/page"}],"author":[{"embeddable":true,"href":"https:\/\/nada-verlag.ch\/index.php?rest_route=\/wp\/v2\/users\/1"}],"replies":[{"embeddable":true,"href":"https:\/\/nada-verlag.ch\/index.php?rest_route=%2Fwp%2Fv2%2Fcomments&post=72"}],"version-history":[{"count":25,"href":"https:\/\/nada-verlag.ch\/index.php?rest_route=\/wp\/v2\/pages\/72\/revisions"}],"predecessor-version":[{"id":413,"href":"https:\/\/nada-verlag.ch\/index.php?rest_route=\/wp\/v2\/pages\/72\/revisions\/413"}],"up":[{"embeddable":true,"href":"https:\/\/nada-verlag.ch\/index.php?rest_route=\/wp\/v2\/pages\/48"}],"wp:attachment":[{"href":"https:\/\/nada-verlag.ch\/index.php?rest_route=%2Fwp%2Fv2%2Fmedia&parent=72"}],"curies":[{"name":"wp","href":"https:\/\/api.w.org\/{rel}","templated":true}]}}