{"id":69,"date":"2020-02-09T20:48:42","date_gmt":"2020-02-09T20:48:42","guid":{"rendered":"https:\/\/nada-verlag.ch\/?page_id=69"},"modified":"2024-02-29T14:38:57","modified_gmt":"2024-02-29T14:38:57","slug":"spiritualitaet","status":"publish","type":"page","link":"https:\/\/nada-verlag.ch\/?page_id=69","title":{"rendered":"Spiritualit\u00e4t"},"content":{"rendered":"\n<hr class=\"wp-block-separator has-css-opacity\"\/>\n\n\n\n<div class=\"wp-block-columns are-vertically-aligned-top is-layout-flex wp-container-core-columns-is-layout-1 wp-block-columns-is-layout-flex\">\n<div class=\"wp-block-column is-vertically-aligned-top is-layout-flow wp-block-column-is-layout-flow\" style=\"flex-basis:33.33%\">\n<figure class=\"wp-block-image size-large\"><img loading=\"lazy\" decoding=\"async\" width=\"1024\" height=\"399\" src=\"https:\/\/nada-verlag.ch\/wp-content\/uploads\/2020\/03\/sonnwandelnreihe-1024x399.png\" alt=\"\" class=\"wp-image-213\" srcset=\"https:\/\/nada-verlag.ch\/wp-content\/uploads\/2020\/03\/sonnwandelnreihe-1024x399.png 1024w, https:\/\/nada-verlag.ch\/wp-content\/uploads\/2020\/03\/sonnwandelnreihe-300x117.png 300w, https:\/\/nada-verlag.ch\/wp-content\/uploads\/2020\/03\/sonnwandelnreihe-768x299.png 768w, https:\/\/nada-verlag.ch\/wp-content\/uploads\/2020\/03\/sonnwandelnreihe-1536x598.png 1536w, https:\/\/nada-verlag.ch\/wp-content\/uploads\/2020\/03\/sonnwandelnreihe-2048x798.png 2048w\" sizes=\"auto, (max-width: 1024px) 100vw, 1024px\" \/><\/figure>\n<\/div>\n\n\n\n<div class=\"wp-block-column is-vertically-aligned-top is-layout-flow wp-block-column-is-layout-flow\" style=\"flex-basis:66.66%\">\n<h2 class=\"wp-block-heading\">Die Buchreihe Sonnwandeln<\/h2>\n\n\n\n<h3 class=\"wp-block-heading\"><em>Buchreihe f\u00fcr spirituelle Entwicklung und Selbstver\u00e4nderung<\/em><\/h3>\n\n\n\n<p class=\"small-12 medium-8\">Sonnwandeln \u2013 dieser von der Autorin Karin Jundt kreierte Begriff mit der doppelten Bedeutung von \u201eauf dem sonnigen Lebensweg wandeln\u201c und \u201esich zu einem sonnigen Gem\u00fct wandeln\u201c \u2013 war der Titel ihrer drei\u00dfigteiligen E-Schriftenreihe, einem Werk f\u00fcr spirituelle Entwicklung und Selbstver\u00e4nderung.<br>Grundlegend \u00fcberarbeitet und erg\u00e4nzt, ist Sonnwandeln als Buchreihe in f\u00fcnf B\u00e4nden erh\u00e4ltlich. &nbsp;<br>Wie alle B\u00fccher von Karin Jundt, ist auch die Sonnwandeln-Reihe konsequent praxisbezogen: Sie bietet in jedem Kapitel Anleitungen zur Selbstver\u00e4nderung in Form von im Alltag praktikablen \u00dcbungsaufgaben, unterst\u00fctzt durch Empfehlungen f\u00fcr Meditationen, Affirmationen und weitere hilfreiche Instrumente.<\/p>\n\n\n\n<p><strong>Charakteristik der Buchreihe<\/strong><\/p>\n\n\n\n<ul class=\"wp-block-list\">\n<li>spricht alle Elemente in uns an: intellektuelle, emotionale, spirituelle;<\/li>\n\n\n\n<li>konkretes Lernziel mit Aufgaben und Hilfestellungen in jedem Kapitel, f\u00fcr spirituelles Wachsen und Pers\u00f6nlichkeitsentwicklung;<\/li>\n\n\n\n<li>Weisheit von verschiedenen spirituellen Richtungen, Religionen, Philosophien, Psychologie in einer Synthese, aus welcher jeder aufnehmen kann, was in ihm Resonanz findet.<\/li>\n<\/ul>\n\n\n\n<p><\/p>\n<\/div>\n<\/div>\n\n\n\n<hr class=\"wp-block-separator has-css-opacity\"\/>\n\n\n\n<div class=\"wp-block-columns are-vertically-aligned-top is-layout-flex wp-container-core-columns-is-layout-2 wp-block-columns-is-layout-flex\">\n<div class=\"wp-block-column is-vertically-aligned-top is-layout-flow wp-block-column-is-layout-flow\" style=\"flex-basis:33.33%\">\n<figure class=\"wp-block-image size-large is-resized\"><img decoding=\"async\" src=\"https:\/\/nada-verlag.ch\/wp-content\/uploads\/2020\/03\/Titel_Sinn_des_Lebens_gross_RGB-636x1024.png\" alt=\"\" class=\"wp-image-215\" width=\"263\" srcset=\"https:\/\/nada-verlag.ch\/wp-content\/uploads\/2020\/03\/Titel_Sinn_des_Lebens_gross_RGB-636x1024.png 636w, https:\/\/nada-verlag.ch\/wp-content\/uploads\/2020\/03\/Titel_Sinn_des_Lebens_gross_RGB-186x300.png 186w, https:\/\/nada-verlag.ch\/wp-content\/uploads\/2020\/03\/Titel_Sinn_des_Lebens_gross_RGB-768x1237.png 768w, https:\/\/nada-verlag.ch\/wp-content\/uploads\/2020\/03\/Titel_Sinn_des_Lebens_gross_RGB-953x1536.png 953w, https:\/\/nada-verlag.ch\/wp-content\/uploads\/2020\/03\/Titel_Sinn_des_Lebens_gross_RGB-1271x2048.png 1271w, https:\/\/nada-verlag.ch\/wp-content\/uploads\/2020\/03\/Titel_Sinn_des_Lebens_gross_RGB.png 1577w\" sizes=\"(max-width: 636px) 100vw, 636px\" \/><\/figure>\n\n\n\n<p class=\"small-12 medium-4 has-small-font-size\">Karin Jundt<br><strong>Der Sinn des Lebens und die Lebensschule<\/strong><br><em>Sonnwandeln Band 1<\/em><\/p>\n\n\n\n<p class=\"small-12 medium-4 has-small-font-size\">ISBN 978-3-907091-05-0<br>Softcover<br>220 Seiten<br><\/p>\n<\/div>\n\n\n\n<div class=\"wp-block-column is-vertically-aligned-top is-layout-flow wp-block-column-is-layout-flow\" style=\"flex-basis:66.66%\">\n<h3 class=\"wp-block-heading\">Der Sinn des Lebens und die Lebensschule<\/h3>\n\n\n\n<p class=\"small-12 medium-8\">Im ersten Band der Buchreihe Sonnwandeln erl\u00e4utert Karin Jundt, in welcher Weise wir in der \u201eLebensschule\u201c lernen, um den Sinn des Lebens, unsere innere Entwicklung, zu erf\u00fcllen: gelenkt durch die sogenannten Zuf\u00e4lle und das Schicksal, gef\u00fchrt von unserer unfehlbaren Inneren Stimme. Und wie viel leichter unser Dasein sich gestaltet, wenn wir unseren vermeintlich freien Willen dem g\u00f6ttlichen Willen unterordnen.<\/p>\n\n\n\n<p><strong>Pressestimmen<\/strong>:<\/p>\n\n\n\n<blockquote class=\"wp-block-quote is-layout-flow wp-block-quote-is-layout-flow\">\n<p>Dieses \u00e4u\u00dferst bemerkenswerte Buch m\u00f6chte ich \u2013 in der Hoffnung, dass es nicht abgedroschen klingt \u2013 als kleines Juwel bezeichnen.<br>[\u2026] Themen wie Vorbestimmung und freier Wille, Lebenskrisen, wiederkehrende Lernaufgaben und der Sinn des Lebens werden hier in einer Weise vorgestellt, die nie impliziert, \u201edie Weisheit gepachtet zu haben\u201c, sich aber auch nicht in vagen Allgemeinpl\u00e4tzen verliert.<\/p>\n<cite>YOGA AKTUELL, Magazin f\u00fcr Yoga und spirituellen Lifestyle<\/cite><\/blockquote>\n\n\n\n<blockquote class=\"wp-block-quote is-layout-flow wp-block-quote-is-layout-flow\">\n<p>\u201eDer Sinn des Lebens und die Lebensschule\u201c ist der erste Band einer f\u00fcnfteiligen Reihe, welche die Schweizer Autorin Sonnwandeln getauft hat. Ihre angenehme Art, \u00fcber gro\u00dfe Themen zu sprechen, Fragen zu beantworten und Ratschl\u00e4ge zu erteilen, wirkt ansteckend in seiner stillen Gelassenheit.<\/p>\n<cite>Magazin SPUREN<\/cite><\/blockquote>\n\n\n\n<p><a href=\"https:\/\/nada-verlag.ch\/leseproben\/Leseprobe_Sonnwandeln_1.pdf\" target=\"_blank\" rel=\"noreferrer noopener\" aria-label=\" (\u00f6ffnet in neuem Tab)\">Leseprobe herunterladen<\/a><\/p>\n<\/div>\n<\/div>\n\n\n\n<hr class=\"wp-block-separator has-css-opacity\"\/>\n\n\n\n<div class=\"wp-block-columns are-vertically-aligned-top is-layout-flex wp-container-core-columns-is-layout-3 wp-block-columns-is-layout-flex\">\n<div class=\"wp-block-column is-vertically-aligned-top is-layout-flow wp-block-column-is-layout-flow\" style=\"flex-basis:33.33%\">\n<figure class=\"wp-block-image size-large is-resized\"><img decoding=\"async\" src=\"https:\/\/nada-verlag.ch\/wp-content\/uploads\/2020\/03\/2sonnwandeln_cover-649x1024.png\" alt=\"\" class=\"wp-image-217\" width=\"263\" srcset=\"https:\/\/nada-verlag.ch\/wp-content\/uploads\/2020\/03\/2sonnwandeln_cover-649x1024.png 649w, https:\/\/nada-verlag.ch\/wp-content\/uploads\/2020\/03\/2sonnwandeln_cover-190x300.png 190w, https:\/\/nada-verlag.ch\/wp-content\/uploads\/2020\/03\/2sonnwandeln_cover-768x1212.png 768w, https:\/\/nada-verlag.ch\/wp-content\/uploads\/2020\/03\/2sonnwandeln_cover-973x1536.png 973w, https:\/\/nada-verlag.ch\/wp-content\/uploads\/2020\/03\/2sonnwandeln_cover-1297x2048.png 1297w\" sizes=\"(max-width: 649px) 100vw, 649px\" \/><\/figure>\n\n\n\n<p class=\"small-12 medium-4 has-small-font-size\">Karin Jundt<br><strong>Allt\u00e4gliches Handeln im spirituellen Geist<\/strong><br><em>Sonnwandeln Band 2<\/em><\/p>\n\n\n\n<p class=\"small-12 medium-4 has-small-font-size\">ISBN 978-3-907091-07-4<br>Softcover<br>256 Seiten<br><\/p>\n<\/div>\n\n\n\n<div class=\"wp-block-column is-vertically-aligned-top is-layout-flow wp-block-column-is-layout-flow\" style=\"flex-basis:66.66%\">\n<h3 class=\"wp-block-heading\">Allt\u00e4gliches Handeln im spirituellen Geist<\/h3>\n\n\n\n<p class=\"small-12 medium-8\">Die geerdete Spiritualit\u00e4t, die der ganzen Sonnwandeln-Reihe von Karin Jundt zugrunde liegt, pr\u00e4gt besonders diesen zweiten Band: Wie sollen Menschen auf dem spirituellen Weg konkret mit Alltagsthemen und -herausforderungen umgehen? Etwa mit \u00c4ngsten und den l\u00e4stigen Gewohnheiten, mit den schwer \u00fcberwindbaren Pr\u00e4gungen der Kindheit, mit den \u201eLastern\u201c wie Zorn oder Unm\u00e4\u00dfigkeit, den L\u00fcgen, die uns so leicht \u00fcber die Lippen kommen\u2026 Und schlie\u00dflich geht es auch um die Achtsamkeit im t\u00e4glichen Leben und die unerl\u00e4ssliche Selbstdisziplin.<\/p>\n\n\n\n<p><strong>Leserstimmen zu Sonnwandeln:<\/strong><\/p>\n\n\n\n<blockquote class=\"wp-block-quote is-layout-flow wp-block-quote-is-layout-flow\">\n<p>Ich habe immer frohen Mutes auf Ihre Schriften zur\u00fcckgegriffen und einen wichtigen Halt dadurch gefunden. \u00dcbrigens wurde mir Sonnwandeln empfohlen, als ich in einer Reha wegen Depressionen psychotherapeutische Beratung erfahren durfte.<\/p>\n<cite>D.R., Deutschland<\/cite><\/blockquote>\n\n\n\n<blockquote class=\"wp-block-quote is-layout-flow wp-block-quote-is-layout-flow\">\n<p>Ich habe Sonnwandeln gelesen und bin v\u00f6llig fasziniert! Noch selten (oder nie?) habe ich so viele Klarheiten und konkrete Vorschl\u00e4ge bekommen.&nbsp;<\/p>\n<cite>P. G., England<\/cite><\/blockquote>\n\n\n\n<blockquote class=\"wp-block-quote is-layout-flow wp-block-quote-is-layout-flow\">\n<p>Die Sonnwandeln-Texte zu lesen ist ein wahrer Genuss. Wir haben ja schon viel zum Thema Spiritualit\u00e4t, Glauben, Lebensschule und Energiearbeit gelesen, trotzdem ist es uns beiden unabh\u00e4ngig voneinander aufgefallen.<\/p>\n<cite>K.H. und M.D., Deutschland<\/cite><\/blockquote>\n\n\n\n<p><a href=\"https:\/\/nada-verlag.ch\/leseproben\/Leseprobe_Sonnwandeln_2.pdf\" target=\"_blank\" rel=\"noreferrer noopener\" aria-label=\" (\u00f6ffnet in neuem Tab)\">Leseprobe herunterladen<\/a><\/p>\n<\/div>\n<\/div>\n\n\n\n<hr class=\"wp-block-separator has-css-opacity\"\/>\n\n\n\n<div class=\"wp-block-columns are-vertically-aligned-top is-layout-flex wp-container-core-columns-is-layout-4 wp-block-columns-is-layout-flex\">\n<div class=\"wp-block-column is-vertically-aligned-top is-layout-flow wp-block-column-is-layout-flow\" style=\"flex-basis:33.33%\">\n<figure class=\"wp-block-image size-large is-resized\"><img loading=\"lazy\" decoding=\"async\" src=\"https:\/\/nada-verlag.ch\/wp-content\/uploads\/2020\/03\/3sonnwandeln_cover-1-646x1024.png\" alt=\"\" class=\"wp-image-145\" width=\"263\" height=\"422\"\/><\/figure>\n\n\n\n<p class=\"small-12 medium-4 has-small-font-size\">Karin Jundt<br><strong>\u00dcber allem die Liebe<\/strong><br><em>Sonnwandeln Band 3<\/em><\/p>\n\n\n\n<p class=\"small-12 medium-4 has-small-font-size\">ISBN 978-3-907091-13-5<br>Softcover<br>236 Seiten<br><\/p>\n<\/div>\n\n\n\n<div class=\"wp-block-column is-vertically-aligned-top is-layout-flow wp-block-column-is-layout-flow\" style=\"flex-basis:66.66%\">\n<h3 class=\"wp-block-heading\">\u00dcber allem die Liebe<\/h3>\n\n\n\n<p class=\"small-12 medium-8\">Die g\u00f6ttliche Liebe tr\u00e4gt das Universum. Doch wie k\u00f6nnte sie in der Welt flie\u00dfen, wenn nicht von Wesen zu Wesen? Im 3. Band der spirituellen Buchreihe Sonnwandeln beleuchtet Karin Jundt Aspekte unserer unvollkommenen menschlichen Liebe.<br>Zuallererst geht es um die Selbstliebe, eine unabdingbare Voraussetzung, wollen wir andere Menschen wahrhaftig lieben. Dann um die Liebe zu unserem N\u00e4chsten im Allgemeinen und zwischen Eltern und Kindern im Besonderen. Ein ganzes Kapitel widmet die Autorin auch der Paarbeziehung; sie zeigt Wege auf zu einer dauerhafteren, gl\u00fccklicheren Partnerschaft in bedingungsloser, uneigenn\u00fctziger Liebe, jenseits von Erwartungen und Forderungen, Eifersucht und Verlustangst, Machtk\u00e4mpfen und Verletzungen. Aber auch die leidvolle Trennung von geliebten Menschen, sei es durch Verlassen oder Tod, und schlie\u00dflich die Einsamkeit sind umfassend dargelegt.<br>Im Licht einer im gew\u00f6hnlichen Alltag gelebten Spiritualit\u00e4t stellt Karin Jundt die Thematik praxisbezogen dar und bietet konkrete Empfehlungen, Anleitungen und wirksame Instrumente zur Selbstver\u00e4nderung.<\/p>\n\n\n\n<p><strong>Leserstimmen zu Sonnwandeln:<\/strong><\/p>\n\n\n\n<blockquote class=\"wp-block-quote is-layout-flow wp-block-quote-is-layout-flow\">\n<p>Sonnwandeln ist so gewaltig und offen. Ich kann es kaum verste\u00adhen, wie so ein Wissen zusammenkommt und auch verst\u00e4ndlich formuliert werden kann. Unglaublich und doch wahr.<\/p>\n<cite>P.H., Schweiz<\/cite><\/blockquote>\n\n\n\n<blockquote class=\"wp-block-quote is-layout-flow wp-block-quote-is-layout-flow\">\n<p>Sonnwandeln ist etwas wunderbar Tiefgehendes, worin ich viel lese und mich vertiefe. Vielen Dank f\u00fcr Ihren Einsatz, f\u00fcr die spirituellen Zeilen und wunderbaren Lebenshilfen, die zum Nachdenken und Mitmachen anregen.<\/p>\n<cite>E.K., Schweiz<\/cite><\/blockquote>\n\n\n\n<p><a href=\"https:\/\/nada-verlag.ch\/leseproben\/Leseprobe_Sonnwandeln_3.pdf\" target=\"_blank\" rel=\"noreferrer noopener\" aria-label=\" (\u00f6ffnet in neuem Tab)\">Leseprobe herunterladen<\/a><\/p>\n<\/div>\n<\/div>\n\n\n\n<hr class=\"wp-block-separator has-css-opacity\"\/>\n\n\n\n<div class=\"wp-block-columns are-vertically-aligned-top is-layout-flex wp-container-core-columns-is-layout-5 wp-block-columns-is-layout-flex\">\n<div class=\"wp-block-column is-vertically-aligned-top is-layout-flow wp-block-column-is-layout-flow\" style=\"flex-basis:33.33%\">\n<figure class=\"wp-block-image size-large is-resized\"><img loading=\"lazy\" decoding=\"async\" src=\"https:\/\/nada-verlag.ch\/wp-content\/uploads\/2020\/03\/4sonnwandeln_cover_mittel-634x1024.jpg\" alt=\"\" class=\"wp-image-147\" width=\"263\" height=\"422\"\/><\/figure>\n\n\n\n<p class=\"small-12 medium-4 has-small-font-size\">Karin Jundt<br><strong>Unsere innere Welt<\/strong><br><em>Sonnwandeln Band <\/em>4<\/p>\n\n\n\n<p class=\"small-12 medium-4 has-small-font-size\">ISBN 978-3-907091-14-2<br>Softcover<br>240 Seiten<br><\/p>\n<\/div>\n\n\n\n<div class=\"wp-block-column is-vertically-aligned-top is-layout-flow wp-block-column-is-layout-flow\" style=\"flex-basis:66.66%\">\n<h3 class=\"wp-block-heading\">Unsere innere Welt<\/h3>\n\n\n\n<p class=\"small-12 medium-8\">Karin Jundt ist bekannt daf\u00fcr, dass sie spirituelle Themen stets in einen konkreten Bezug zum gew\u00f6hnlichen Alltag stellt. So auch im vierten Band ihrer Buchreihe Sonnwandeln. Dennoch geht es hier haupts\u00e4chlich um unser Innenleben &#8211; mit seinen f\u00f6rderlichen und hinderlichen Eigen\u00adschaften. Die Themen erstrecken sich vom Ego in seinem Denken und F\u00fchlen \u00fcber die W\u00fcnsche, die daraus entstehende Anhaftung und den damit zusammenh\u00e4ngenden Bereich der Bewertung und des Gleichmuts bis hin zur universellen Energie und den Aspekt von Krankheit, Gesundheit und Heil.<br>Was die \u00e4u\u00dfere Welt mit der inneren verbindet, ist die Achtsamkeit. Dazu bietet die Autorin mehrere \u00dcbungen zur Selbstbeobachtung und, wie in der gesamten Sonnwandeln-Reihe, konkrete Anregungen zur \u00c4nderung des eigenen Verhaltens im Alltag, nicht nur um spirituell zu wachsen, sondern auch um das Leben freudiger und erf\u00fcllter zu gestalten. Die neuen Erkenntnisse lassen sich beim t\u00e4glichen Entscheiden und Handeln, im Umgang mit den Mitmenschen, zur Bew\u00e4ltigung von Herausforderungen und Krisen laufend umsetzen.<br>Denn Karin Jundt ist zutiefst davon \u00fcberzeugt: \u201eSpiritualit\u00e4t ist nichts Asketisches, Weltfremdes und erfordert keinen R\u00fcckzug aus dem \u2018normalen\u2019 Dasein und stundenlanges Meditieren, wie es \u00f6stliche Religionen zum Teil vermitteln. Ebenso wenig ist es n\u00f6tig, sich in diesem Leben zu bescheiden, gar zu leiden, um dann im Jenseits die ewige Gl\u00fcckseligkeit zu erlangen, wie gewisse christliche Richtungen es nahelegen. Nicht das \u00e4u\u00dfere Leben ist der Ma\u00dfstab f\u00fcr Spiritualit\u00e4t, sondern die innere Haltung.\u201c<\/p>\n\n\n\n<p><a href=\"https:\/\/nada-verlag.ch\/leseproben\/Leseprobe_Sonnwandeln_4.pdf\" target=\"_blank\" rel=\"noreferrer noopener\" aria-label=\" (\u00f6ffnet in neuem Tab)\">Leseprobe herunterladen<\/a><\/p>\n<\/div>\n<\/div>\n\n\n\n<hr class=\"wp-block-separator has-css-opacity\"\/>\n\n\n\n<div class=\"wp-block-columns are-vertically-aligned-top is-layout-flex wp-container-core-columns-is-layout-6 wp-block-columns-is-layout-flex\">\n<div class=\"wp-block-column is-vertically-aligned-top is-layout-flow wp-block-column-is-layout-flow\" style=\"flex-basis:33.33%\">\n<figure class=\"wp-block-image size-large is-resized\"><img loading=\"lazy\" decoding=\"async\" src=\"https:\/\/nada-verlag.ch\/wp-content\/uploads\/2020\/03\/5sonnwandeln_cover-639x1024.jpg\" alt=\"\" class=\"wp-image-148\" width=\"263\" height=\"422\" srcset=\"https:\/\/nada-verlag.ch\/wp-content\/uploads\/2020\/03\/5sonnwandeln_cover-639x1024.jpg 639w, https:\/\/nada-verlag.ch\/wp-content\/uploads\/2020\/03\/5sonnwandeln_cover-187x300.jpg 187w, https:\/\/nada-verlag.ch\/wp-content\/uploads\/2020\/03\/5sonnwandeln_cover-768x1231.jpg 768w, https:\/\/nada-verlag.ch\/wp-content\/uploads\/2020\/03\/5sonnwandeln_cover-959x1536.jpg 959w, https:\/\/nada-verlag.ch\/wp-content\/uploads\/2020\/03\/5sonnwandeln_cover-1278x2048.jpg 1278w, https:\/\/nada-verlag.ch\/wp-content\/uploads\/2020\/03\/5sonnwandeln_cover-scaled.jpg 1598w\" sizes=\"auto, (max-width: 263px) 100vw, 263px\" \/><\/figure>\n\n\n\n<p class=\"small-12 medium-4 has-small-font-size\">Karin Jundt<br><strong>Das spirituelle Leben<\/strong><br><em>Sonnwandeln Band 5<\/em><\/p>\n\n\n\n<p class=\"small-12 medium-4 has-small-font-size\">ISBN 978-3-907091-15-9<br>Softcover<br>216 Seiten<br><\/p>\n<\/div>\n\n\n\n<div class=\"wp-block-column is-vertically-aligned-top is-layout-flow wp-block-column-is-layout-flow\" style=\"flex-basis:66.66%\">\n<h3 class=\"wp-block-heading\">Das spirituelle Leben<\/h3>\n\n\n\n<p class=\"small-12 medium-8\">Nachdem die vorangehenden vier B\u00e4nde der Sonnwandeln-Buchreihe sich im Wesentlichen auf Aspekte des gew\u00f6hnlichen Alltags konzentrierten &#8211; nat\u00fcrlich immer aus spiritueller Sicht -, ist in diesem letzten Band die Spiritualit\u00e4t selbst das Hauptthema &#8211; nat\u00fcrlich immer in der geerdeten Art, die f\u00fcr Karin Jundt charakteristisch ist.<br>Ausgehend von der Problematik der Diskrepanz zwischen &#8222;absoluter Hingabe&#8220; und &#8222;Freizeitspiritualit\u00e4t&#8220; zeigt die Autorin M\u00f6glichkeiten auf, wie wir vermehrt aus unserem Innern leben oder, anders ausgedr\u00fcckt, die \u00e4u\u00dfere Welt mit den inneren Augen betrachten k\u00f6nnen und dadurch eine v\u00f6llig neue, die wahre Wirklichkeit entdecken.<br>Ein Kapitel ist auch der Weisheit gewidmet, die wir in alten heiligen Schriften verschiedener Religionen finden, etwa in den Evangelien, den Veden und der Bhagavadgita, und wie sich diese verstehen und im Alltag umsetzen l\u00e4sst.<br>Zum Schluss darf selbstverst\u00e4ndlich auch die Thematik der Gottesverwirklichung, Erleuchtung, Erl\u00f6sung, wie man diesen transzendenten Zustand auch immer nennen will, nicht fehlen &#8211; ein Thema, \u00fcber das die Autorin, wie sie betont, nicht aufgrund ihres eigenen Erlebens erz\u00e4hlen kann und bei dem sie sich deshalb auf antike und neuzeitliche Berichte \u00fcber mystische Erfahrungen anderer Menschen st\u00fctzt.<\/p>\n\n\n\n<p><strong>Zitate von Karin Jundt zur Spiritualit\u00e4t:<\/strong><\/p>\n\n\n\n<blockquote class=\"wp-block-quote is-layout-flow wp-block-quote-is-layout-flow\">\n<p>Es gibt so viele Wege zum G\u00f6ttlichen, wie es Menschen gibt.<br><br>Spiritualit\u00e4t findet im Alltag statt.<br><br>Nicht das \u00e4u\u00dfere Leben ist der Ma\u00dfstab f\u00fcr Spiritualit\u00e4t, sondern die innere Haltung.<\/p>\n<\/blockquote>\n\n\n\n<p><a href=\"https:\/\/nada-verlag.ch\/leseproben\/Leseprobe_Sonnwandeln_5.pdf\" target=\"_blank\" rel=\"noreferrer noopener\" aria-label=\" (\u00f6ffnet in neuem Tab)\">Leseprobe herunterladen<\/a><\/p>\n<\/div>\n<\/div>\n\n\n\n<hr class=\"wp-block-separator has-css-opacity\"\/>\n","protected":false},"excerpt":{"rendered":"<p>Die Buchreihe Sonnwandeln Buchreihe f\u00fcr spirituelle Entwicklung und Selbstver\u00e4nderung Sonnwandeln \u2013 dieser von der Autorin Karin Jundt kreierte Begriff mit der doppelten Bedeutung von \u201eauf dem sonnigen Lebensweg wandeln\u201c und \u201esich zu einem sonnigen Gem\u00fct wandeln\u201c \u2013 war der Titel ihrer drei\u00dfigteiligen E-Schriftenreihe, einem Werk f\u00fcr spirituelle Entwicklung und Selbstver\u00e4nderung.Grundlegend \u00fcberarbeitet und erg\u00e4nzt, ist Sonnwandeln<a class=\"excerpt-read-more\" href=\"https:\/\/nada-verlag.ch\/?page_id=69\" title=\"ReadSpiritualit\u00e4t\">&#8230; Read more &raquo;<\/a><\/p>\n","protected":false},"author":1,"featured_media":0,"parent":48,"menu_order":0,"comment_status":"closed","ping_status":"closed","template":"","meta":{"footnotes":""},"class_list":["post-69","page","type-page","status-publish","hentry"],"_links":{"self":[{"href":"https:\/\/nada-verlag.ch\/index.php?rest_route=\/wp\/v2\/pages\/69","targetHints":{"allow":["GET"]}}],"collection":[{"href":"https:\/\/nada-verlag.ch\/index.php?rest_route=\/wp\/v2\/pages"}],"about":[{"href":"https:\/\/nada-verlag.ch\/index.php?rest_route=\/wp\/v2\/types\/page"}],"author":[{"embeddable":true,"href":"https:\/\/nada-verlag.ch\/index.php?rest_route=\/wp\/v2\/users\/1"}],"replies":[{"embeddable":true,"href":"https:\/\/nada-verlag.ch\/index.php?rest_route=%2Fwp%2Fv2%2Fcomments&post=69"}],"version-history":[{"count":47,"href":"https:\/\/nada-verlag.ch\/index.php?rest_route=\/wp\/v2\/pages\/69\/revisions"}],"predecessor-version":[{"id":412,"href":"https:\/\/nada-verlag.ch\/index.php?rest_route=\/wp\/v2\/pages\/69\/revisions\/412"}],"up":[{"embeddable":true,"href":"https:\/\/nada-verlag.ch\/index.php?rest_route=\/wp\/v2\/pages\/48"}],"wp:attachment":[{"href":"https:\/\/nada-verlag.ch\/index.php?rest_route=%2Fwp%2Fv2%2Fmedia&parent=69"}],"curies":[{"name":"wp","href":"https:\/\/api.w.org\/{rel}","templated":true}]}}