{"id":50,"date":"2020-02-09T20:37:00","date_gmt":"2020-02-09T20:37:00","guid":{"rendered":"https:\/\/nada-verlag.ch\/?page_id=50"},"modified":"2023-06-10T05:17:03","modified_gmt":"2023-06-10T05:17:03","slug":"autorinnen","status":"publish","type":"page","link":"https:\/\/nada-verlag.ch\/?page_id=50","title":{"rendered":"Autor:innen im nada Verlag"},"content":{"rendered":"\n<hr class=\"wp-block-separator has-css-opacity\"\/>\n\n\n\n<div class=\"wp-block-columns is-layout-flex wp-container-core-columns-is-layout-1 wp-block-columns-is-layout-flex\">\n<div class=\"wp-block-column is-layout-flow wp-block-column-is-layout-flow\" style=\"flex-basis:70%\">\n<h3 class=\"wp-block-heading\"><strong>Gianna Duschletta<\/strong><\/h3>\n\n\n\n<p>Gianna Duschletta wurde 1999 als erste Tochter einer Tessiner-Engadiner-Familie geboren. Ihre Kindheit verbrachte sie im Engadin, wo sie alle Schulen bis zur Maturit\u00e4t besuchte.<\/p>\n\n\n\n<p>Seit 2020 studiert sie an der P\u00e4dagogischen Hochschule in Bern, um Sekundarlehrerin zu werden, und lebt in der Schweizer Hauptstadt. Sie ist aber die typische <em>randulina<\/em> (Heimweh-Engadinerin) und kehrt so oft wie m\u00f6glich ins Engadin zur\u00fcck.<\/p>\n\n\n\n<p>Sie hat einige Erz\u00e4hlungen auf R\u00e4toromanisch in Engadiner Publikationen ver\u00f6ffentlicht, wie der Chasa Paterna und dem Chalender Ladin. Seit 2021 schreibt sie f\u00fcr die Sendung <em>Impuls<\/em> von RTR (Radio und Fernsehen der R\u00e4toromanischen Schweiz).<\/p>\n<\/div>\n\n\n\n<div class=\"wp-block-column is-layout-flow wp-block-column-is-layout-flow\" style=\"flex-basis:30%\"><\/div>\n<\/div>\n\n\n\n<hr class=\"wp-block-separator has-css-opacity\"\/>\n\n\n\n<div class=\"wp-block-columns is-layout-flex wp-container-core-columns-is-layout-2 wp-block-columns-is-layout-flex\">\n<div class=\"wp-block-column is-layout-flow wp-block-column-is-layout-flow\" style=\"flex-basis:70%\">\n<h3 class=\"wp-block-heading\">Karin Jundt<\/h3>\n\n\n\n<p>Karin Jundt wurde 1954 in der Schweiz geboren und wuchs in Norditalien auf. Als Teenager kehrte sie mit ihrer Familie in die Heimat zur\u00fcck und besuchte in Z\u00fcrich das Gymnasium.<\/p>\n\n\n\n<p>Nachdem sie als Teenager ihre strengkatholische Erziehung abgelegt hatte, suchte sie nach neuen Wegen und wandte sich dem Buddhismus und Hinduismus zu. An der Universit\u00e4t Z\u00fcrich studierte sie Alte Geschichte, Religionswissenschaften und Psychologie.<\/p>\n\n\n\n<p>Sie arbeitete viele Jahre in der Kommunikationsbranche, danach als freischaffende \u00dcbersetzerin. Ihre Leidenschaft war jedoch immer das Schreiben: Neben zwei Romanen ver\u00f6ffentlichte sie mehrere Ratgeberb\u00fccher und Artikel f\u00fcr verschiedene Zeitschriften.<\/p>\n\n\n\n<p>Karin Jundt betreibt Websiten zu den Themen Selbstliebe, Selbstwertgef\u00fchl, Urvertrauen, Spiritualit\u00e4t und mehr:<br><a rel=\"noreferrer noopener\" aria-label=\" (\u00f6ffnet in neuem Tab)\" href=\"http:\/\/www.selbstliebe.ch\" target=\"_blank\"> www.selbstliebe.ch<\/a><br><a rel=\"noreferrer noopener\" aria-label=\" (\u00f6ffnet in neuem Tab)\" href=\"http:\/\/www.karma-yoga.ch\" target=\"_blank\"> www.karma-yoga.ch<\/a><\/p>\n<\/div>\n\n\n\n<div class=\"wp-block-column is-layout-flow wp-block-column-is-layout-flow\" style=\"flex-basis:30%\"><\/div>\n<\/div>\n\n\n\n<hr class=\"wp-block-separator has-css-opacity\"\/>\n\n\n\n<div class=\"wp-block-columns is-layout-flex wp-container-core-columns-is-layout-3 wp-block-columns-is-layout-flex\">\n<div class=\"wp-block-column is-layout-flow wp-block-column-is-layout-flow\" style=\"flex-basis:70%\">\n<h3 class=\"wp-block-heading\"><strong>Manfred Kyber<\/strong><\/h3>\n\n\n\n<p>Manfred Kyber (1880-1933) war ein deutscher Schriftsteller und Lyriker, der vor allem durch seine Tiergeschichten bekannt wurde; er war ein gl\u00fchender Verfechter des Tierschutzes.<\/p>\n\n\n\n<p>Als Anh\u00e4nger Rudolf Steiners und Anthroposoph verfasste er auch spirituelle M\u00e4rchen und Romane, deren bekannteste &#8222;Der K\u00f6nigsgaukler&#8220; und &#8222;Die drei Lichter der kleinen Veronika&#8220; sind, neben Sachb\u00fcchern zum Tierschutz und zur Spiritualit\u00e4t.<\/p>\n<\/div>\n\n\n\n<div class=\"wp-block-column is-layout-flow wp-block-column-is-layout-flow\" style=\"flex-basis:30%\"><\/div>\n<\/div>\n\n\n\n<hr class=\"wp-block-separator has-css-opacity\"\/>\n","protected":false},"excerpt":{"rendered":"<p>Gianna Duschletta Gianna Duschletta wurde 1999 als erste Tochter einer Tessiner-Engadiner-Familie geboren. Ihre Kindheit verbrachte sie im Engadin, wo sie alle Schulen bis zur Maturit\u00e4t besuchte. Seit 2020 studiert sie an der P\u00e4dagogischen Hochschule in Bern, um Sekundarlehrerin zu werden, und lebt in der Schweizer Hauptstadt. Sie ist aber die typische randulina (Heimweh-Engadinerin) und kehrt<a class=\"excerpt-read-more\" href=\"https:\/\/nada-verlag.ch\/?page_id=50\" title=\"ReadAutor:innen im nada Verlag\">&#8230; Read more &raquo;<\/a><\/p>\n","protected":false},"author":1,"featured_media":0,"parent":0,"menu_order":0,"comment_status":"closed","ping_status":"closed","template":"","meta":{"footnotes":""},"class_list":["post-50","page","type-page","status-publish","hentry"],"_links":{"self":[{"href":"https:\/\/nada-verlag.ch\/index.php?rest_route=\/wp\/v2\/pages\/50","targetHints":{"allow":["GET"]}}],"collection":[{"href":"https:\/\/nada-verlag.ch\/index.php?rest_route=\/wp\/v2\/pages"}],"about":[{"href":"https:\/\/nada-verlag.ch\/index.php?rest_route=\/wp\/v2\/types\/page"}],"author":[{"embeddable":true,"href":"https:\/\/nada-verlag.ch\/index.php?rest_route=\/wp\/v2\/users\/1"}],"replies":[{"embeddable":true,"href":"https:\/\/nada-verlag.ch\/index.php?rest_route=%2Fwp%2Fv2%2Fcomments&post=50"}],"version-history":[{"count":18,"href":"https:\/\/nada-verlag.ch\/index.php?rest_route=\/wp\/v2\/pages\/50\/revisions"}],"predecessor-version":[{"id":395,"href":"https:\/\/nada-verlag.ch\/index.php?rest_route=\/wp\/v2\/pages\/50\/revisions\/395"}],"wp:attachment":[{"href":"https:\/\/nada-verlag.ch\/index.php?rest_route=%2Fwp%2Fv2%2Fmedia&parent=50"}],"curies":[{"name":"wp","href":"https:\/\/api.w.org\/{rel}","templated":true}]}}