{"id":48,"date":"2020-02-09T20:36:28","date_gmt":"2020-02-09T20:36:28","guid":{"rendered":"https:\/\/nada-verlag.ch\/?page_id=48"},"modified":"2024-02-29T14:56:56","modified_gmt":"2024-02-29T14:56:56","slug":"buchprogramm","status":"publish","type":"page","link":"https:\/\/nada-verlag.ch\/?page_id=48","title":{"rendered":"Buchprogramm"},"content":{"rendered":"\n<hr class=\"wp-block-separator has-css-opacity\"\/>\n\n\n\n<div class=\"wp-block-columns is-layout-flex wp-container-core-columns-is-layout-1 wp-block-columns-is-layout-flex\">\n<div class=\"wp-block-column is-layout-flow wp-block-column-is-layout-flow\">\n<p><strong><a href=\"https:\/\/nada-verlag.ch\/?page_id=67\">Lebenshilfe<\/a><\/strong><\/p>\n\n\n\n<figure class=\"wp-block-image size-large\"><a href=\"https:\/\/nada-verlag.ch\/?page_id=67\"><img loading=\"lazy\" decoding=\"async\" width=\"1024\" height=\"400\" src=\"https:\/\/nada-verlag.ch\/wp-content\/uploads\/2024\/02\/selbsthilfe_alle-1024x400.png\" alt=\"\" class=\"wp-image-414\" srcset=\"https:\/\/nada-verlag.ch\/wp-content\/uploads\/2024\/02\/selbsthilfe_alle-1024x400.png 1024w, https:\/\/nada-verlag.ch\/wp-content\/uploads\/2024\/02\/selbsthilfe_alle-300x117.png 300w, https:\/\/nada-verlag.ch\/wp-content\/uploads\/2024\/02\/selbsthilfe_alle-768x300.png 768w, https:\/\/nada-verlag.ch\/wp-content\/uploads\/2024\/02\/selbsthilfe_alle-1536x599.png 1536w, https:\/\/nada-verlag.ch\/wp-content\/uploads\/2024\/02\/selbsthilfe_alle-2048x799.png 2048w\" sizes=\"auto, (max-width: 1024px) 100vw, 1024px\" \/><\/a><\/figure>\n\n\n\n<p>Der nada Verlag ver\u00f6ffentlicht in seiner Reihe &#8222;Wegweiser&#8220;  praktische Ratgeber und Anleitungen zu mehr Lebensfreude und weniger Sorge und Angst.   So sind auch die Themen auf den gew\u00f6hnlichen Alltag ausgerichtet: das Selbstwertgef\u00fchl, die Selbstliebe, das Urvertrauen, die Innere Stimme, die Paarbeziehung, Mut.<\/p>\n<\/div>\n\n\n\n<div class=\"wp-block-column is-layout-flow wp-block-column-is-layout-flow\">\n<p><strong><a href=\"https:\/\/nada-verlag.ch\/?page_id=69\">Spiritualit\u00e4t<\/a><\/strong><\/p>\n\n\n\n<figure class=\"wp-block-image size-large\"><a href=\"https:\/\/nada-verlag.ch\/?page_id=69\"><img loading=\"lazy\" decoding=\"async\" width=\"1024\" height=\"399\" src=\"https:\/\/nada-verlag.ch\/wp-content\/uploads\/2020\/03\/sonnwandelnreihe-1024x399.png\" alt=\"\" class=\"wp-image-213\" srcset=\"https:\/\/nada-verlag.ch\/wp-content\/uploads\/2020\/03\/sonnwandelnreihe-1024x399.png 1024w, https:\/\/nada-verlag.ch\/wp-content\/uploads\/2020\/03\/sonnwandelnreihe-300x117.png 300w, https:\/\/nada-verlag.ch\/wp-content\/uploads\/2020\/03\/sonnwandelnreihe-768x299.png 768w, https:\/\/nada-verlag.ch\/wp-content\/uploads\/2020\/03\/sonnwandelnreihe-1536x598.png 1536w, https:\/\/nada-verlag.ch\/wp-content\/uploads\/2020\/03\/sonnwandelnreihe-2048x798.png 2048w\" sizes=\"auto, (max-width: 1024px) 100vw, 1024px\" \/><\/a><\/figure>\n\n\n\n<p>In der spirituellen Buchreihe &#8222;Sonnwandeln&#8220; geht es um die im Alltag gelebte Spiritualit\u00e4t, ohne &#8222;abgehobene&#8220; und weltfremde Ideen, ohne dogmatische Vorschriften und einengende Belehrungen. Es handelt sich immer um eine praktische, auf das &#8222;gew\u00f6hnliche&#8220; Leben der Menschen ausgerichtete Wegweisung zur Selbstver\u00e4nderung, um schon in diesem Leben mehr Zufriedenheit zu finden. <\/p>\n<\/div>\n\n\n\n<div class=\"wp-block-column is-layout-flow wp-block-column-is-layout-flow\">\n<p><strong><a href=\"https:\/\/nada-verlag.ch\/?page_id=72\">Belletristik<\/a><\/strong><\/p>\n\n\n\n<figure class=\"wp-block-image size-large\"><a href=\"https:\/\/nada-verlag.ch\/?page_id=72\"><img loading=\"lazy\" decoding=\"async\" width=\"1024\" height=\"403\" src=\"https:\/\/nada-verlag.ch\/wp-content\/uploads\/2023\/04\/belletristik_komplett-1024x403.png\" alt=\"\" class=\"wp-image-383\" srcset=\"https:\/\/nada-verlag.ch\/wp-content\/uploads\/2023\/04\/belletristik_komplett-1024x403.png 1024w, https:\/\/nada-verlag.ch\/wp-content\/uploads\/2023\/04\/belletristik_komplett-300x118.png 300w, https:\/\/nada-verlag.ch\/wp-content\/uploads\/2023\/04\/belletristik_komplett-768x302.png 768w, https:\/\/nada-verlag.ch\/wp-content\/uploads\/2023\/04\/belletristik_komplett-1536x604.png 1536w, https:\/\/nada-verlag.ch\/wp-content\/uploads\/2023\/04\/belletristik_komplett-2048x805.png 2048w\" sizes=\"auto, (max-width: 1024px) 100vw, 1024px\" \/><\/a><\/figure>\n\n\n\n<p>Literatur darf ber\u00fchren, bewegen, sanft belehren, auch traurig und nachdenklich stimmen, aber immer sollte sie Freude bereiten, das Herz erw\u00e4rmen und ein L\u00e4cheln hervorzaubern. So sind die im nada Verlag ver\u00f6ffentlichten Romane und Erz\u00e4hlungen stets tiefgr\u00fcndig, bereichernd, zugleich spannend und unterhaltsam.<\/p>\n<\/div>\n<\/div>\n\n\n\n<hr class=\"wp-block-separator has-css-opacity\"\/>\n","protected":false},"excerpt":{"rendered":"<p>Lebenshilfe Der nada Verlag ver\u00f6ffentlicht in seiner Reihe &#8222;Wegweiser&#8220; praktische Ratgeber und Anleitungen zu mehr Lebensfreude und weniger Sorge und Angst. So sind auch die Themen auf den gew\u00f6hnlichen Alltag ausgerichtet: das Selbstwertgef\u00fchl, die Selbstliebe, das Urvertrauen, die Innere Stimme, die Paarbeziehung, Mut. Spiritualit\u00e4t In der spirituellen Buchreihe &#8222;Sonnwandeln&#8220; geht es um die im Alltag<a class=\"excerpt-read-more\" href=\"https:\/\/nada-verlag.ch\/?page_id=48\" title=\"ReadBuchprogramm\">&#8230; Read more &raquo;<\/a><\/p>\n","protected":false},"author":1,"featured_media":0,"parent":0,"menu_order":0,"comment_status":"closed","ping_status":"closed","template":"","meta":{"footnotes":""},"class_list":["post-48","page","type-page","status-publish","hentry"],"_links":{"self":[{"href":"https:\/\/nada-verlag.ch\/index.php?rest_route=\/wp\/v2\/pages\/48","targetHints":{"allow":["GET"]}}],"collection":[{"href":"https:\/\/nada-verlag.ch\/index.php?rest_route=\/wp\/v2\/pages"}],"about":[{"href":"https:\/\/nada-verlag.ch\/index.php?rest_route=\/wp\/v2\/types\/page"}],"author":[{"embeddable":true,"href":"https:\/\/nada-verlag.ch\/index.php?rest_route=\/wp\/v2\/users\/1"}],"replies":[{"embeddable":true,"href":"https:\/\/nada-verlag.ch\/index.php?rest_route=%2Fwp%2Fv2%2Fcomments&post=48"}],"version-history":[{"count":26,"href":"https:\/\/nada-verlag.ch\/index.php?rest_route=\/wp\/v2\/pages\/48\/revisions"}],"predecessor-version":[{"id":416,"href":"https:\/\/nada-verlag.ch\/index.php?rest_route=\/wp\/v2\/pages\/48\/revisions\/416"}],"wp:attachment":[{"href":"https:\/\/nada-verlag.ch\/index.php?rest_route=%2Fwp%2Fv2%2Fmedia&parent=48"}],"curies":[{"name":"wp","href":"https:\/\/api.w.org\/{rel}","templated":true}]}}