{"id":35,"date":"2020-02-09T20:22:35","date_gmt":"2020-02-09T20:22:35","guid":{"rendered":"https:\/\/nada-verlag.ch\/?page_id=35"},"modified":"2020-04-17T10:53:06","modified_gmt":"2020-04-17T10:53:06","slug":"nada-startseite","status":"publish","type":"page","link":"https:\/\/nada-verlag.ch\/","title":{"rendered":"Verlagshaus f\u00fcr tragende Literatur"},"content":{"rendered":"\n<hr class=\"wp-block-separator\"\/>\n\n\n\n<div class=\"wp-block-columns is-layout-flex wp-container-core-columns-is-layout-1 wp-block-columns-is-layout-flex\">\n<div class=\"wp-block-column is-layout-flow wp-block-column-is-layout-flow\" style=\"flex-basis:33.34%\">\n<figure class=\"wp-block-image size-large is-resized\"><img loading=\"lazy\" decoding=\"async\" src=\"https:\/\/nada-verlag.ch\/wp-content\/uploads\/2020\/03\/omino_gross-1.png\" alt=\"\" class=\"wp-image-339\" width=\"580\" height=\"506\" srcset=\"https:\/\/nada-verlag.ch\/wp-content\/uploads\/2020\/03\/omino_gross-1.png 580w, https:\/\/nada-verlag.ch\/wp-content\/uploads\/2020\/03\/omino_gross-1-300x262.png 300w\" sizes=\"auto, (max-width: 580px) 100vw, 580px\" \/><\/figure>\n<\/div>\n\n\n\n<div class=\"wp-block-column is-layout-flow wp-block-column-is-layout-flow\" style=\"flex-basis:66.66%\">\n<p><\/p>\n\n\n\n<h3 class=\"wp-block-heading\"><br>B\u00fccher aus<br>dem nada Verlag,<br>um auf dem sonnigen<br>Lebensweg zu wandern:<br><a href=\"https:\/\/nada-verlag.ch\/?page_id=67\">Lebenshilfe<\/a><br><a href=\"https:\/\/nada-verlag.ch\/?page_id=69\">Spiritualit\u00e4t<\/a><br><a href=\"https:\/\/nada-verlag.ch\/?page_id=72\">Balsam f\u00fcr die Seele<\/a>.<\/h3>\n\n\n\n<p><\/p>\n<\/div>\n<\/div>\n\n\n\n<hr class=\"wp-block-separator\"\/>\n\n\n\n<div class=\"wp-block-columns are-vertically-aligned-top is-layout-flex wp-container-core-columns-is-layout-2 wp-block-columns-is-layout-flex\">\n<div class=\"wp-block-column is-vertically-aligned-top is-layout-flow wp-block-column-is-layout-flow\" style=\"flex-basis:33.33%\">\n<div class=\"wp-block-image\"><figure class=\"alignright size-medium is-resized\"><img loading=\"lazy\" decoding=\"async\" src=\"https:\/\/nada-verlag.ch\/wp-content\/uploads\/2020\/03\/sanskrit_nada-300x179.png\" alt=\"\" class=\"wp-image-168\" width=\"50\" height=\"90\"\/><\/figure><\/div>\n<\/div>\n\n\n\n<div class=\"wp-block-column is-vertically-aligned-top is-layout-flow wp-block-column-is-layout-flow\" style=\"flex-basis:66.66%\">\n<h3 class=\"wp-block-heading\">nada<\/h3>\n\n\n\n<p class=\"has-small-font-size small-12 medium-8\"><em>nada<\/em> ist Sanskrit und bedeutet &#8222;Klang, Laut&#8220;, auch im Sinne des sch\u00f6pferischen Klangs (das &#8222;Wort&#8220; der Bibel: Im Anfang war das Wort&#8230;)<\/p>\n<\/div>\n<\/div>\n\n\n\n<hr class=\"wp-block-separator\"\/>\n\n\n\n<div class=\"wp-block-columns are-vertically-aligned-top is-layout-flex wp-container-core-columns-is-layout-3 wp-block-columns-is-layout-flex\">\n<div class=\"wp-block-column is-vertically-aligned-top is-layout-flow wp-block-column-is-layout-flow\" style=\"flex-basis:33.33%\"><\/div>\n\n\n\n<div class=\"wp-block-column is-vertically-aligned-top is-layout-flow wp-block-column-is-layout-flow\" style=\"flex-basis:66.66%\"><\/div>\n<\/div>\n","protected":false},"excerpt":{"rendered":"<p>B\u00fccher ausdem nada Verlag,um auf dem sonnigenLebensweg zu wandern:LebenshilfeSpiritualit\u00e4tBalsam f\u00fcr die Seele. nada nada ist Sanskrit und bedeutet &#8222;Klang, Laut&#8220;, auch im Sinne des sch\u00f6pferischen Klangs (das &#8222;Wort&#8220; der Bibel: Im Anfang war das Wort&#8230;)<\/p>\n","protected":false},"author":1,"featured_media":0,"parent":0,"menu_order":0,"comment_status":"closed","ping_status":"closed","template":"","meta":{"footnotes":""},"class_list":["post-35","page","type-page","status-publish","hentry"],"_links":{"self":[{"href":"https:\/\/nada-verlag.ch\/index.php?rest_route=\/wp\/v2\/pages\/35","targetHints":{"allow":["GET"]}}],"collection":[{"href":"https:\/\/nada-verlag.ch\/index.php?rest_route=\/wp\/v2\/pages"}],"about":[{"href":"https:\/\/nada-verlag.ch\/index.php?rest_route=\/wp\/v2\/types\/page"}],"author":[{"embeddable":true,"href":"https:\/\/nada-verlag.ch\/index.php?rest_route=\/wp\/v2\/users\/1"}],"replies":[{"embeddable":true,"href":"https:\/\/nada-verlag.ch\/index.php?rest_route=%2Fwp%2Fv2%2Fcomments&post=35"}],"version-history":[{"count":61,"href":"https:\/\/nada-verlag.ch\/index.php?rest_route=\/wp\/v2\/pages\/35\/revisions"}],"predecessor-version":[{"id":367,"href":"https:\/\/nada-verlag.ch\/index.php?rest_route=\/wp\/v2\/pages\/35\/revisions\/367"}],"wp:attachment":[{"href":"https:\/\/nada-verlag.ch\/index.php?rest_route=%2Fwp%2Fv2%2Fmedia&parent=35"}],"curies":[{"name":"wp","href":"https:\/\/api.w.org\/{rel}","templated":true}]}}