{"id":3,"date":"2019-11-19T17:48:21","date_gmt":"2019-11-19T17:48:21","guid":{"rendered":"https:\/\/nada-verlag.ch\/?page_id=3"},"modified":"2020-03-31T06:50:39","modified_gmt":"2020-03-31T06:50:39","slug":"privacy-policy","status":"publish","type":"page","link":"https:\/\/nada-verlag.ch\/?page_id=3","title":{"rendered":"Datenschutz"},"content":{"rendered":"\n<hr class=\"wp-block-separator\"\/>\n\n\n\n<div class=\"wp-block-columns is-layout-flex wp-container-core-columns-is-layout-1 wp-block-columns-is-layout-flex\">\n<div class=\"wp-block-column is-layout-flow wp-block-column-is-layout-flow\" style=\"flex-basis:100%\">\n<h5 class=\"wp-block-heading\">Gesammelte Daten<\/h5>\n\n\n\n<p class=\"has-small-font-size\">Der nada Verlag Karin Jundt sammelt auf der Website nada-verlag.ch keinerlei pers\u00f6nliche Daten der Besucher dieser Website.<\/p>\n\n\n\n<h5 class=\"wp-block-heading\">Eingebettete Inhalte anderer Websites<\/h5>\n\n\n\n<p class=\"has-small-font-size\">Inhalte dieser Website k\u00f6nnen eingebettete Inhalte (z.B. Videos, Bilder usw.) enthalten. Diese eingebetteten Inhalte anderer Websites verhalten sich in gleicher Weise, als ob Sie die andere Website besuchen w\u00fcrden.<\/p>\n\n\n\n<p class=\"has-small-font-size\">Diese anderen Websites k\u00f6nnen Daten sammeln, Cookies einsetzen, weitere zus\u00e4tzliche Trackings von Dritten einbetten und Ihre Interaktion mit solchen eingebetteten Inhalten erkennen.<\/p>\n\n\n\n<h5 class=\"wp-block-heading\">E-Mails<\/h5>\n\n\n\n<p class=\"has-small-font-size\">Der nada Verlag Karin Jundt macht Sie darauf aufmerksam, dass die Verwendung von E-Mails (auch \u00fcber das Kontaktformular) bez\u00fcglich Datenintegrit\u00e4t und Vertraulichkeit mit einer gewissen Unsicherheit behaftet ist. Der nada Verlag Karin Jundt lehnt jegliche Haftung f\u00fcr die Verletzung des Datenschutzes ab, soweit diese auf die Verwendung von E-Mails zur\u00fcckzuf\u00fchren ist.<\/p>\n<\/div>\n\n\n\n<div class=\"wp-block-column is-layout-flow wp-block-column-is-layout-flow\" style=\"flex-basis:0%\"><\/div>\n<\/div>\n","protected":false},"excerpt":{"rendered":"<p>Gesammelte Daten Der nada Verlag Karin Jundt sammelt auf der Website nada-verlag.ch keinerlei pers\u00f6nliche Daten der Besucher dieser Website. Eingebettete Inhalte anderer Websites Inhalte dieser Website k\u00f6nnen eingebettete Inhalte (z.B. Videos, Bilder usw.) enthalten. Diese eingebetteten Inhalte anderer Websites verhalten sich in gleicher Weise, als ob Sie die andere Website besuchen w\u00fcrden. Diese anderen Websites<a class=\"excerpt-read-more\" href=\"https:\/\/nada-verlag.ch\/?page_id=3\" title=\"ReadDatenschutz\">&#8230; Read more &raquo;<\/a><\/p>\n","protected":false},"author":1,"featured_media":0,"parent":0,"menu_order":0,"comment_status":"closed","ping_status":"open","template":"","meta":{"footnotes":""},"class_list":["post-3","page","type-page","status-publish","hentry"],"_links":{"self":[{"href":"https:\/\/nada-verlag.ch\/index.php?rest_route=\/wp\/v2\/pages\/3","targetHints":{"allow":["GET"]}}],"collection":[{"href":"https:\/\/nada-verlag.ch\/index.php?rest_route=\/wp\/v2\/pages"}],"about":[{"href":"https:\/\/nada-verlag.ch\/index.php?rest_route=\/wp\/v2\/types\/page"}],"author":[{"embeddable":true,"href":"https:\/\/nada-verlag.ch\/index.php?rest_route=\/wp\/v2\/users\/1"}],"replies":[{"embeddable":true,"href":"https:\/\/nada-verlag.ch\/index.php?rest_route=%2Fwp%2Fv2%2Fcomments&post=3"}],"version-history":[{"count":13,"href":"https:\/\/nada-verlag.ch\/index.php?rest_route=\/wp\/v2\/pages\/3\/revisions"}],"predecessor-version":[{"id":289,"href":"https:\/\/nada-verlag.ch\/index.php?rest_route=\/wp\/v2\/pages\/3\/revisions\/289"}],"wp:attachment":[{"href":"https:\/\/nada-verlag.ch\/index.php?rest_route=%2Fwp%2Fv2%2Fmedia&parent=3"}],"curies":[{"name":"wp","href":"https:\/\/api.w.org\/{rel}","templated":true}]}}